{"id":318813,"date":"2023-06-05T11:56:26","date_gmt":"2023-06-05T11:56:26","guid":{"rendered":"https:\/\/integralads.com\/about-ias-2\/newsroom\/"},"modified":"2024-01-17T11:14:04","modified_gmt":"2024-01-17T11:14:04","slug":"sala-de-imprensa","status":"publish","type":"page","link":"https:\/\/integralads.com\/br\/sobre-a-ias\/sala-de-imprensa\/","title":{"rendered":"Sala de imprensa"},"content":{"rendered":"\t\t<div data-elementor-type=\"wp-page\" data-elementor-id=\"318813\" class=\"elementor elementor-318813 elementor-292482\" data-elementor-post-type=\"page\">\n\t\t\t\t\t\t<section class=\"has_eae_slider elementor-section elementor-top-section elementor-element elementor-element-5a9e7b9 elementor-section-boxed elementor-section-height-default elementor-section-height-default\" data-eae-slider=\"58605\" data-id=\"5a9e7b9\" data-element_type=\"section\" data-settings=\"{&quot;background_background&quot;:&quot;classic&quot;}\">\n\t\t\t\t\t\t<div class=\"elementor-container elementor-column-gap-default\">\n\t\t\t\t\t<div class=\"has_eae_slider elementor-column elementor-col-100 elementor-top-column elementor-element elementor-element-a213243\" data-eae-slider=\"33904\" data-id=\"a213243\" data-element_type=\"column\">\n\t\t\t<div class=\"elementor-widget-wrap elementor-element-populated\">\n\t\t\t\t\t\t<div class=\"elementor-element elementor-element-882a0fc elementor-widget elementor-widget-heading\" data-id=\"882a0fc\" data-element_type=\"widget\" data-widget_type=\"heading.default\">\n\t\t\t\t<div class=\"elementor-widget-container\">\n\t\t\t\t\t<h2 class=\"elementor-heading-title elementor-size-default\">Sala de imprensa da IAS<\/h2>\t\t\t\t<\/div>\n\t\t\t\t<\/div>\n\t\t\t\t<div class=\"elementor-element elementor-element-0c194c3 elementor-widget elementor-widget-text-editor\" data-id=\"0c194c3\" data-element_type=\"widget\" data-widget_type=\"text-editor.default\">\n\t\t\t\t<div class=\"elementor-widget-container\">\n\t\t\t\t\t\t\t\t\t<p>Explore as not\u00edcias mais recentes, acesse os recursos de m\u00eddia e conecte-se conosco nas m\u00eddias sociais.<br \/><strong>Se voc\u00ea for da imprensa, fale conosco.<\/strong><\/p>\t\t\t\t\t\t\t\t<\/div>\n\t\t\t\t<\/div>\n\t\t\t\t<div class=\"elementor-element elementor-element-dbbea50 elementor-widget elementor-widget-button\" data-id=\"dbbea50\" data-element_type=\"widget\" data-widget_type=\"button.default\">\n\t\t\t\t<div class=\"elementor-widget-container\">\n\t\t\t\t\t\t\t\t\t<div class=\"elementor-button-wrapper\">\n\t\t\t\t\t<a class=\"elementor-button elementor-button-link elementor-size-lg\" href=\"https:\/\/integralads.com\/about-ias\/newsroom\/\">\n\t\t\t\t\t\t<span class=\"elementor-button-content-wrapper\">\n\t\t\t\t\t\t\t\t\t<span class=\"elementor-button-text\">Contato<\/span>\n\t\t\t\t\t<\/span>\n\t\t\t\t\t<\/a>\n\t\t\t\t<\/div>\n\t\t\t\t\t\t\t\t<\/div>\n\t\t\t\t<\/div>\n\t\t\t\t\t<\/div>\n\t\t<\/div>\n\t\t\t\t\t<\/div>\n\t\t<\/section>\n\t\t\t\t<section class=\"has_eae_slider elementor-section elementor-top-section elementor-element elementor-element-1a06a59 elementor-section-boxed elementor-section-height-default elementor-section-height-default\" data-eae-slider=\"52574\" data-id=\"1a06a59\" data-element_type=\"section\">\n\t\t\t\t\t\t<div class=\"elementor-container elementor-column-gap-default\">\n\t\t\t\t\t<div class=\"has_eae_slider elementor-column elementor-col-100 elementor-top-column elementor-element elementor-element-b0945ab\" data-eae-slider=\"57361\" data-id=\"b0945ab\" data-element_type=\"column\">\n\t\t\t<div class=\"elementor-widget-wrap elementor-element-populated\">\n\t\t\t\t\t\t<div class=\"elementor-element elementor-element-e6e9cb9 elementor-widget elementor-widget-heading\" data-id=\"e6e9cb9\" data-element_type=\"widget\" data-widget_type=\"heading.default\">\n\t\t\t\t<div class=\"elementor-widget-container\">\n\t\t\t\t\t<h4 class=\"elementor-heading-title elementor-size-default\">Announcements\n<\/h4>\t\t\t\t<\/div>\n\t\t\t\t<\/div>\n\t\t\t\t\t<\/div>\n\t\t<\/div>\n\t\t\t\t\t<\/div>\n\t\t<\/section>\n\t\t\t\t<section class=\"has_eae_slider elementor-section elementor-top-section elementor-element elementor-element-71dd594 elementor-section-boxed elementor-section-height-default elementor-section-height-default\" data-eae-slider=\"34342\" data-id=\"71dd594\" data-element_type=\"section\" id=\"news-posts\">\n\t\t\t\t\t\t<div class=\"elementor-container elementor-column-gap-default\">\n\t\t\t\t\t<div class=\"has_eae_slider elementor-column elementor-col-100 elementor-top-column elementor-element elementor-element-6e4d623\" data-eae-slider=\"25356\" data-id=\"6e4d623\" data-element_type=\"column\">\n\t\t\t<div class=\"elementor-widget-wrap elementor-element-populated\">\n\t\t\t\t\t\t<div class=\"elementor-element elementor-element-8700254 elementor-grid-3 elementor-grid-tablet-2 elementor-grid-mobile-1 elementor-posts--thumbnail-top elementor-posts__hover-gradient elementor-widget elementor-widget-posts\" data-id=\"8700254\" data-element_type=\"widget\" data-settings=\"{&quot;cards_row_gap&quot;:{&quot;unit&quot;:&quot;px&quot;,&quot;size&quot;:51,&quot;sizes&quot;:[]},&quot;pagination_type&quot;:&quot;numbers_and_prev_next&quot;,&quot;cards_columns&quot;:&quot;3&quot;,&quot;cards_columns_tablet&quot;:&quot;2&quot;,&quot;cards_columns_mobile&quot;:&quot;1&quot;,&quot;cards_row_gap_tablet&quot;:{&quot;unit&quot;:&quot;px&quot;,&quot;size&quot;:&quot;&quot;,&quot;sizes&quot;:[]},&quot;cards_row_gap_mobile&quot;:{&quot;unit&quot;:&quot;px&quot;,&quot;size&quot;:&quot;&quot;,&quot;sizes&quot;:[]}}\" data-widget_type=\"posts.cards\">\n\t\t\t\t<div class=\"elementor-widget-container\">\n\t\t\t\t\t\t\t<div class=\"elementor-posts-container elementor-posts elementor-posts--skin-cards elementor-grid\" role=\"list\">\n\t\t\t\t<article class=\"elementor-post elementor-grid-item post-338827 portfolio type-portfolio status-publish has-post-thumbnail hentry portfolio-types-news portfolio-types-press-releases\" role=\"listitem\">\n\t\t\t<div class=\"elementor-post__card\">\n\t\t\t\t<a class=\"elementor-post__thumbnail__link\" href=\"https:\/\/integralads.com\/br\/news\/ias-anuncia-parceria-exclusiva-e-pioneira-com-o-kwai-for-business-para-fornecer-seguranca-de-marca-nos-conteudos-e-medicao-de-adequacao-para-anunciantes\/\" tabindex=\"-1\" ><div class=\"elementor-post__thumbnail\"><img fetchpriority=\"high\" decoding=\"async\" width=\"1200\" height=\"1200\" src=\"https:\/\/integralads.com\/wp-content\/uploads\/2024\/12\/Kwai-for-Business-Lockup-2-on-white.png\" class=\"attachment-full size-full wp-image-338817\" alt=\"IAS anuncia parceria exclusiva e pioneira com o Kwai for Business para fornecer seguran\u00e7a de marca nos conte\u00fados e medi\u00e7\u00e3o de adequa\u00e7\u00e3o para anunciantes.\" srcset=\"https:\/\/integralads.com\/wp-content\/uploads\/2024\/12\/Kwai-for-Business-Lockup-2-on-white.png 1200w, https:\/\/integralads.com\/wp-content\/uploads\/2024\/12\/Kwai-for-Business-Lockup-2-on-white-300x300.png 300w, https:\/\/integralads.com\/wp-content\/uploads\/2024\/12\/Kwai-for-Business-Lockup-2-on-white-1024x1024.png 1024w, https:\/\/integralads.com\/wp-content\/uploads\/2024\/12\/Kwai-for-Business-Lockup-2-on-white-150x150.png 150w, https:\/\/integralads.com\/wp-content\/uploads\/2024\/12\/Kwai-for-Business-Lockup-2-on-white-768x768.png 768w, https:\/\/integralads.com\/wp-content\/uploads\/2024\/12\/Kwai-for-Business-Lockup-2-on-white-400x400.png 400w, https:\/\/integralads.com\/wp-content\/uploads\/2024\/12\/Kwai-for-Business-Lockup-2-on-white-75x75.png 75w, https:\/\/integralads.com\/wp-content\/uploads\/2024\/12\/Kwai-for-Business-Lockup-2-on-white-460x460.png 460w\" sizes=\"(max-width: 1200px) 100vw, 1200px\" \/><\/div><\/a>\n\t\t\t\t<div class=\"elementor-post__text\">\n\t\t\t\t<h3 class=\"elementor-post__title\">\n\t\t\t<a href=\"https:\/\/integralads.com\/br\/news\/ias-anuncia-parceria-exclusiva-e-pioneira-com-o-kwai-for-business-para-fornecer-seguranca-de-marca-nos-conteudos-e-medicao-de-adequacao-para-anunciantes\/\" >\n\t\t\t\tIAS anuncia parceria exclusiva e pioneira com o Kwai for Business para fornecer seguran\u00e7a de marca nos conte\u00fados e medi\u00e7\u00e3o de adequa\u00e7\u00e3o para anunciantes\t\t\t<\/a>\n\t\t<\/h3>\n\t\t\t\t\t<div class=\"elementor-post__read-more-wrapper\">\n\t\t\n\t\t<a class=\"elementor-post__read-more\" href=\"https:\/\/integralads.com\/br\/news\/ias-anuncia-parceria-exclusiva-e-pioneira-com-o-kwai-for-business-para-fornecer-seguranca-de-marca-nos-conteudos-e-medicao-de-adequacao-para-anunciantes\/\" aria-label=\"Read more about IAS anuncia parceria exclusiva e pioneira com o Kwai for Business para fornecer seguran\u00e7a de marca nos conte\u00fados e medi\u00e7\u00e3o de adequa\u00e7\u00e3o para anunciantes\" tabindex=\"-1\" >\n\t\t\tRead More &gt;\t\t<\/a>\n\n\t\t\t\t\t<\/div>\n\t\t\t\t<\/div>\n\t\t\t\t<div class=\"elementor-post__meta-data\">\n\t\t\t\t\t<span class=\"elementor-post-date\">\n\t\t\tDecember 19, 2024\t\t<\/span>\n\t\t\t\t<\/div>\n\t\t\t\t\t<\/div>\n\t\t<\/article>\n\t\t\t\t<\/div>\n\t\t\n\t\t\t\t\t\t<\/div>\n\t\t\t\t<\/div>\n\t\t\t\t\t<\/div>\n\t\t<\/div>\n\t\t\t\t\t<\/div>\n\t\t<\/section>\n\t\t\t\t<\/div>\n\t\t","protected":false},"excerpt":{"rendered":"<p>Sala de imprensa da IAS Explore as not\u00edcias mais recentes, acesse os recursos de m\u00eddia e conecte-se conosco nas m\u00eddias sociais.Se voc\u00ea for da imprensa, fale conosco. Contato Announcements<\/p>\n","protected":false},"author":1,"featured_media":318674,"parent":318694,"menu_order":0,"comment_status":"closed","ping_status":"closed","template":"","meta":{"_acf_changed":false,"footnotes":""},"class_list":["post-318813","page","type-page","status-publish","has-post-thumbnail","hentry"],"acf":[],"yoast_head":"<!-- This site is optimized with the Yoast SEO Premium plugin v25.4 (Yoast SEO v26.4) - https:\/\/yoast.com\/wordpress\/plugins\/seo\/ -->\n<title>Integral Ad Science | Sala de imprensa da IAS<\/title>\n<meta name=\"description\" content=\"Fique por dentro do que h\u00e1 de mais recente em not\u00edcias, comunicados \u00e0 imprensa e lan\u00e7amentos de produtos da Integral Ad Science (IAS).\" \/>\n<meta name=\"robots\" content=\"index, follow, max-snippet:-1, max-image-preview:large, max-video-preview:-1\" \/>\n<link rel=\"canonical\" href=\"https:\/\/integralads.com\/about-ias\/newsroom\/\" \/>\n<meta property=\"og:locale\" content=\"en_US\" \/>\n<meta property=\"og:type\" content=\"article\" \/>\n<meta property=\"og:title\" content=\"Sala de imprensa\" \/>\n<meta property=\"og:description\" content=\"Fique por dentro do que h\u00e1 de mais recente em not\u00edcias, comunicados \u00e0 imprensa e lan\u00e7amentos de produtos da Integral Ad Science (IAS).\" \/>\n<meta property=\"og:url\" content=\"https:\/\/integralads.com\/about-ias\/newsroom\/\" \/>\n<meta property=\"og:site_name\" content=\"Integral Ad Science\" \/>\n<meta property=\"article:modified_time\" content=\"2024-01-17T11:14:04+00:00\" \/>\n<meta property=\"og:image\" content=\"https:\/\/integralads.com\/wp-content\/uploads\/2023\/06\/NEW-2023-Website-Feature-Image.png\" \/>\n\t<meta property=\"og:image:width\" content=\"5000\" \/>\n\t<meta property=\"og:image:height\" content=\"2617\" \/>\n\t<meta property=\"og:image:type\" content=\"image\/png\" \/>\n<meta name=\"twitter:card\" content=\"summary_large_image\" \/>\n<meta name=\"twitter:site\" content=\"@integralads\" \/>\n<meta name=\"twitter:label1\" content=\"Est. reading time\" \/>\n\t<meta name=\"twitter:data1\" content=\"3 minutes\" \/>\n<script type=\"application\/ld+json\" class=\"yoast-schema-graph\">{\"@context\":\"https:\/\/schema.org\",\"@graph\":[{\"@type\":\"WebPage\",\"@id\":\"https:\/\/integralads.com\/about-ias\/newsroom\/\",\"url\":\"https:\/\/integralads.com\/about-ias\/newsroom\/\",\"name\":\"Integral Ad Science | Sala de imprensa da IAS\",\"isPartOf\":{\"@id\":\"https:\/\/integralads.com\/#website\"},\"primaryImageOfPage\":{\"@id\":\"https:\/\/integralads.com\/about-ias\/newsroom\/#primaryimage\"},\"image\":{\"@id\":\"https:\/\/integralads.com\/about-ias\/newsroom\/#primaryimage\"},\"thumbnailUrl\":\"https:\/\/integralads.com\/wp-content\/uploads\/2023\/06\/NEW-2023-Website-Feature-Image.png\",\"datePublished\":\"2023-06-05T11:56:26+00:00\",\"dateModified\":\"2024-01-17T11:14:04+00:00\",\"description\":\"Fique por dentro do que h\u00e1 de mais recente em not\u00edcias, comunicados \u00e0 imprensa e lan\u00e7amentos de produtos da Integral Ad Science (IAS).\",\"breadcrumb\":{\"@id\":\"https:\/\/integralads.com\/about-ias\/newsroom\/#breadcrumb\"},\"inLanguage\":\"br\",\"potentialAction\":[{\"@type\":\"ReadAction\",\"target\":[\"https:\/\/integralads.com\/about-ias\/newsroom\/\"]}]},{\"@type\":\"ImageObject\",\"inLanguage\":\"br\",\"@id\":\"https:\/\/integralads.com\/about-ias\/newsroom\/#primaryimage\",\"url\":\"https:\/\/integralads.com\/wp-content\/uploads\/2023\/06\/NEW-2023-Website-Feature-Image.png\",\"contentUrl\":\"https:\/\/integralads.com\/wp-content\/uploads\/2023\/06\/NEW-2023-Website-Feature-Image.png\",\"width\":5000,\"height\":2617},{\"@type\":\"BreadcrumbList\",\"@id\":\"https:\/\/integralads.com\/about-ias\/newsroom\/#breadcrumb\",\"itemListElement\":[{\"@type\":\"ListItem\",\"position\":1,\"name\":\"Home\",\"item\":\"https:\/\/integralads.com\/br\/\"},{\"@type\":\"ListItem\",\"position\":2,\"name\":\"Sobre a IAS\",\"item\":\"https:\/\/integralads.com\/about-ias\/\"},{\"@type\":\"ListItem\",\"position\":3,\"name\":\"Sala de imprensa\"}]},{\"@type\":\"WebSite\",\"@id\":\"https:\/\/integralads.com\/#website\",\"url\":\"https:\/\/integralads.com\/\",\"name\":\"Integral Ad Science\",\"description\":\"The Hidden Cost of MFA Webinar\",\"publisher\":{\"@id\":\"https:\/\/integralads.com\/#organization\"},\"potentialAction\":[{\"@type\":\"SearchAction\",\"target\":{\"@type\":\"EntryPoint\",\"urlTemplate\":\"https:\/\/integralads.com\/?s={search_term_string}\"},\"query-input\":{\"@type\":\"PropertyValueSpecification\",\"valueRequired\":true,\"valueName\":\"search_term_string\"}}],\"inLanguage\":\"br\"},{\"@type\":\"Organization\",\"@id\":\"https:\/\/integralads.com\/#organization\",\"name\":\"Integral Ad Science\",\"url\":\"https:\/\/integralads.com\/\",\"logo\":{\"@type\":\"ImageObject\",\"inLanguage\":\"br\",\"@id\":\"https:\/\/integralads.com\/#\/schema\/logo\/image\/\",\"url\":\"https:\/\/integralads.com\/wp-content\/uploads\/2023\/10\/IAS_Square-Logo-600x600-1.png\",\"contentUrl\":\"https:\/\/integralads.com\/wp-content\/uploads\/2023\/10\/IAS_Square-Logo-600x600-1.png\",\"width\":600,\"height\":600,\"caption\":\"Integral Ad Science\"},\"image\":{\"@id\":\"https:\/\/integralads.com\/#\/schema\/logo\/image\/\"},\"sameAs\":[\"https:\/\/x.com\/integralads\"]}]}<\/script>\n<!-- \/ Yoast SEO Premium plugin. -->","yoast_head_json":{"title":"Integral Ad Science | Sala de imprensa da IAS","description":"Fique por dentro do que h\u00e1 de mais recente em not\u00edcias, comunicados \u00e0 imprensa e lan\u00e7amentos de produtos da Integral Ad Science (IAS).","robots":{"index":"index","follow":"follow","max-snippet":"max-snippet:-1","max-image-preview":"max-image-preview:large","max-video-preview":"max-video-preview:-1"},"canonical":"https:\/\/integralads.com\/about-ias\/newsroom\/","og_locale":"en_US","og_type":"article","og_title":"Sala de imprensa","og_description":"Fique por dentro do que h\u00e1 de mais recente em not\u00edcias, comunicados \u00e0 imprensa e lan\u00e7amentos de produtos da Integral Ad Science (IAS).","og_url":"https:\/\/integralads.com\/about-ias\/newsroom\/","og_site_name":"Integral Ad Science","article_modified_time":"2024-01-17T11:14:04+00:00","og_image":[{"width":5000,"height":2617,"url":"https:\/\/integralads.com\/wp-content\/uploads\/2023\/06\/NEW-2023-Website-Feature-Image.png","type":"image\/png"}],"twitter_card":"summary_large_image","twitter_site":"@integralads","twitter_misc":{"Est. reading time":"3 minutes"},"schema":{"@context":"https:\/\/schema.org","@graph":[{"@type":"WebPage","@id":"https:\/\/integralads.com\/about-ias\/newsroom\/","url":"https:\/\/integralads.com\/about-ias\/newsroom\/","name":"Integral Ad Science | Sala de imprensa da IAS","isPartOf":{"@id":"https:\/\/integralads.com\/#website"},"primaryImageOfPage":{"@id":"https:\/\/integralads.com\/about-ias\/newsroom\/#primaryimage"},"image":{"@id":"https:\/\/integralads.com\/about-ias\/newsroom\/#primaryimage"},"thumbnailUrl":"https:\/\/integralads.com\/wp-content\/uploads\/2023\/06\/NEW-2023-Website-Feature-Image.png","datePublished":"2023-06-05T11:56:26+00:00","dateModified":"2024-01-17T11:14:04+00:00","description":"Fique por dentro do que h\u00e1 de mais recente em not\u00edcias, comunicados \u00e0 imprensa e lan\u00e7amentos de produtos da Integral Ad Science (IAS).","breadcrumb":{"@id":"https:\/\/integralads.com\/about-ias\/newsroom\/#breadcrumb"},"inLanguage":"br","potentialAction":[{"@type":"ReadAction","target":["https:\/\/integralads.com\/about-ias\/newsroom\/"]}]},{"@type":"ImageObject","inLanguage":"br","@id":"https:\/\/integralads.com\/about-ias\/newsroom\/#primaryimage","url":"https:\/\/integralads.com\/wp-content\/uploads\/2023\/06\/NEW-2023-Website-Feature-Image.png","contentUrl":"https:\/\/integralads.com\/wp-content\/uploads\/2023\/06\/NEW-2023-Website-Feature-Image.png","width":5000,"height":2617},{"@type":"BreadcrumbList","@id":"https:\/\/integralads.com\/about-ias\/newsroom\/#breadcrumb","itemListElement":[{"@type":"ListItem","position":1,"name":"Home","item":"https:\/\/integralads.com\/br\/"},{"@type":"ListItem","position":2,"name":"Sobre a IAS","item":"https:\/\/integralads.com\/about-ias\/"},{"@type":"ListItem","position":3,"name":"Sala de imprensa"}]},{"@type":"WebSite","@id":"https:\/\/integralads.com\/#website","url":"https:\/\/integralads.com\/","name":"Integral Ad Science","description":"The Hidden Cost of MFA Webinar","publisher":{"@id":"https:\/\/integralads.com\/#organization"},"potentialAction":[{"@type":"SearchAction","target":{"@type":"EntryPoint","urlTemplate":"https:\/\/integralads.com\/?s={search_term_string}"},"query-input":{"@type":"PropertyValueSpecification","valueRequired":true,"valueName":"search_term_string"}}],"inLanguage":"br"},{"@type":"Organization","@id":"https:\/\/integralads.com\/#organization","name":"Integral Ad Science","url":"https:\/\/integralads.com\/","logo":{"@type":"ImageObject","inLanguage":"br","@id":"https:\/\/integralads.com\/#\/schema\/logo\/image\/","url":"https:\/\/integralads.com\/wp-content\/uploads\/2023\/10\/IAS_Square-Logo-600x600-1.png","contentUrl":"https:\/\/integralads.com\/wp-content\/uploads\/2023\/10\/IAS_Square-Logo-600x600-1.png","width":600,"height":600,"caption":"Integral Ad Science"},"image":{"@id":"https:\/\/integralads.com\/#\/schema\/logo\/image\/"},"sameAs":["https:\/\/x.com\/integralads"]}]}},"_links":{"self":[{"href":"https:\/\/integralads.com\/br\/wp-json\/wp\/v2\/pages\/318813","targetHints":{"allow":["GET"]}}],"collection":[{"href":"https:\/\/integralads.com\/br\/wp-json\/wp\/v2\/pages"}],"about":[{"href":"https:\/\/integralads.com\/br\/wp-json\/wp\/v2\/types\/page"}],"author":[{"embeddable":true,"href":"https:\/\/integralads.com\/br\/wp-json\/wp\/v2\/users\/1"}],"replies":[{"embeddable":true,"href":"https:\/\/integralads.com\/br\/wp-json\/wp\/v2\/comments?post=318813"}],"version-history":[{"count":0,"href":"https:\/\/integralads.com\/br\/wp-json\/wp\/v2\/pages\/318813\/revisions"}],"up":[{"embeddable":true,"href":"https:\/\/integralads.com\/br\/wp-json\/wp\/v2\/pages\/318694"}],"wp:featuredmedia":[{"embeddable":true,"href":"https:\/\/integralads.com\/br\/wp-json\/wp\/v2\/media\/318674"}],"wp:attachment":[{"href":"https:\/\/integralads.com\/br\/wp-json\/wp\/v2\/media?parent=318813"}],"curies":[{"name":"wp","href":"https:\/\/api.w.org\/{rel}","templated":true}]}}